{"id":27972,"date":"2023-01-13T17:56:33","date_gmt":"2023-01-13T15:56:33","guid":{"rendered":"https:\/\/rakvere.oceansushi.ee\/%d0%b0%d0%ba%d0%ba%d0%b0%d1%83%d0%bd%d1%82\/"},"modified":"2023-03-15T05:56:54","modified_gmt":"2023-03-15T03:56:54","slug":"%d0%b0%d0%ba%d0%ba%d0%b0%d1%83%d0%bd%d1%82","status":"publish","type":"page","link":"https:\/\/rakvere.oceansushi.ee\/ru\/account\/","title":{"rendered":"\u0410\u043a\u043a\u0430\u0443\u043d\u0442"},"content":{"rendered":"\t\t<div data-elementor-type=\"wp-page\" data-elementor-id=\"27972\" class=\"elementor elementor-27972 elementor-15926\" data-elementor-post-type=\"page\">\n\t\t\t\t\t\t<section class=\"elementor-section elementor-top-section elementor-element elementor-element-f7e1824 elementor-section-boxed elementor-section-height-default elementor-section-height-default\" data-id=\"f7e1824\" data-element_type=\"section\">\n\t\t\t\t\t\t<div class=\"elementor-container elementor-column-gap-no\">\n\t\t\t\t\t<div class=\"elementor-column elementor-col-100 elementor-top-column elementor-element elementor-element-886c03d\" data-id=\"886c03d\" data-element_type=\"column\">\n\t\t\t<div class=\"elementor-widget-wrap elementor-element-populated\">\n\t\t\t\t\t\t<div class=\"elementor-element elementor-element-b03c4cf elementor-widget elementor-widget-heading\" data-id=\"b03c4cf\" data-element_type=\"widget\" data-widget_type=\"heading.default\">\n\t\t\t\t<div class=\"elementor-widget-container\">\n\t\t\t\t\t<h1 class=\"elementor-heading-title elementor-size-default\">\u041c\u043e\u0439 \u0430\u043a\u043a\u0430\u0443\u043d\u0442<\/h1>\t\t\t\t<\/div>\n\t\t\t\t<\/div>\n\t\t\t\t\t<\/div>\n\t\t<\/div>\n\t\t\t\t\t<\/div>\n\t\t<\/section>\n\t\t\t\t<section class=\"elementor-section elementor-top-section elementor-element elementor-element-ef3fff2 elementor-section-boxed elementor-section-height-default elementor-section-height-default\" data-id=\"ef3fff2\" data-element_type=\"section\">\n\t\t\t\t\t\t<div class=\"elementor-container elementor-column-gap-default\">\n\t\t\t\t\t<div class=\"elementor-column elementor-col-100 elementor-top-column elementor-element elementor-element-d2811a9\" data-id=\"d2811a9\" data-element_type=\"column\" data-settings=\"{&quot;background_background&quot;:&quot;classic&quot;}\">\n\t\t\t<div class=\"elementor-widget-wrap elementor-element-populated\">\n\t\t\t\t\t\t<div class=\"elementor-element elementor-element-8bc5b8a elementor-widget elementor-widget-html\" data-id=\"8bc5b8a\" data-element_type=\"widget\" data-widget_type=\"html.default\">\n\t\t\t\t<div class=\"elementor-widget-container\">\n\t\t\t\t\t<script>\r\n \r\n    \r\n$( document ).ready(function() {\r\n   $('[for=\"account_last_name\"]').css('display','none');\r\n});\r\n<\/script>\t\t\t\t<\/div>\n\t\t\t\t<\/div>\n\t\t\t\t<div class=\"elementor-element elementor-element-61004a8 e-my-account-tabs-horizontal elementor-widget elementor-widget-woocommerce-my-account\" data-id=\"61004a8\" data-element_type=\"widget\" data-widget_type=\"woocommerce-my-account.default\">\n\t\t\t\t<div class=\"elementor-widget-container\">\n\t\t\t\t\t<div class=\"e-my-account-tab e-my-account-tab__ \">\t\t\t<div class=\"woocommerce\"><div class=\"woocommerce-notices-wrapper\"><\/div>\n\n\t\t<h2>\u0412\u043e\u0439\u0442\u0438<\/h2>\n\n\t\t<form class=\"woocommerce-form woocommerce-form-login login\" method=\"post\" novalidate>\n\n\t\t\t\n\t\t\t<p class=\"woocommerce-form-row woocommerce-form-row--wide form-row form-row-wide\">\n\t\t\t\t<label for=\"username\">\u0418\u043c\u044f \u043f\u043e\u043b\u044c\u0437\u043e\u0432\u0430\u0442\u0435\u043b\u044f \u0438\u043b\u0438 Email&nbsp;<span class=\"required\" aria-hidden=\"true\">*<\/span><span class=\"screen-reader-text\">\u041e\u0431\u044f\u0437\u0430\u0442\u0435\u043b\u044c\u043d\u043e<\/span><\/label>\n\t\t\t\t<input type=\"text\" class=\"woocommerce-Input woocommerce-Input--text input-text\" name=\"username\" id=\"username\" autocomplete=\"username\" value=\"\" required aria-required=\"true\" \/>\t\t\t<\/p>\n\t\t\t<p class=\"woocommerce-form-row woocommerce-form-row--wide form-row form-row-wide\">\n\t\t\t\t<label for=\"password\">\u041f\u0430\u0440\u043e\u043b\u044c&nbsp;<span class=\"required\" aria-hidden=\"true\">*<\/span><span class=\"screen-reader-text\">\u041e\u0431\u044f\u0437\u0430\u0442\u0435\u043b\u044c\u043d\u043e<\/span><\/label>\n\t\t\t\t<input class=\"woocommerce-Input woocommerce-Input--text input-text\" type=\"password\" name=\"password\" id=\"password\" autocomplete=\"current-password\" required aria-required=\"true\" \/>\n\t\t\t<\/p>\n\n\t\t\t\n\t\t\t<p class=\"form-row\">\n\t\t\t\t<label class=\"woocommerce-form__label woocommerce-form__label-for-checkbox woocommerce-form-login__rememberme\">\n\t\t\t\t\t<input class=\"woocommerce-form__input woocommerce-form__input-checkbox\" name=\"rememberme\" type=\"checkbox\" id=\"rememberme\" value=\"forever\" \/> <span>\u0417\u0430\u043f\u043e\u043c\u043d\u0438\u0442\u044c \u043c\u0435\u043d\u044f<\/span>\n\t\t\t\t<\/label>\n\t\t\t\t<input type=\"hidden\" id=\"woocommerce-login-nonce\" name=\"woocommerce-login-nonce\" value=\"9804331e9a\" \/><input type=\"hidden\" name=\"_wp_http_referer\" value=\"\/ru\/wp-json\/wp\/v2\/pages\/27972\" \/>\t\t\t\t<button type=\"submit\" class=\"woocommerce-button button woocommerce-form-login__submit\" name=\"login\" value=\"\u0412\u043e\u0439\u0442\u0438\">\u0412\u043e\u0439\u0442\u0438<\/button>\n\t\t\t<\/p>\n\t\t\t<p class=\"woocommerce-LostPassword lost_password\">\n\t\t\t\t<a href=\"https:\/\/rakvere.oceansushi.ee\/ru\/account\/lost-password\/\">\u0417\u0430\u0431\u044b\u043b\u0438 \u0441\u0432\u043e\u0439 \u043f\u0430\u0440\u043e\u043b\u044c?<\/a>\n\t\t\t<\/p>\n\n\t\t\t\n\t\t<\/form>\n\n\n<\/div>\t\t<\/div>\n\t\t\t\t\t\t<\/div>\n\t\t\t\t<\/div>\n\t\t\t\t<div class=\"elementor-element elementor-element-1a553a5 elementor-widget elementor-widget-heading\" data-id=\"1a553a5\" data-element_type=\"widget\" data-widget_type=\"heading.default\">\n\t\t\t\t<div class=\"elementor-widget-container\">\n\t\t\t\t\t<h2 class=\"elementor-heading-title elementor-size-default\">\u041a\u044d\u0448\u0431\u044d\u043a \u0434\u0435\u0439\u0441\u0442\u0432\u0443\u0435\u0442 \u0432 \u0442\u0435\u0447\u0435\u043d\u0438\u0435 14 \u0434\u043d\u0435\u0439 \u043f\u043e\u0441\u043b\u0435 \u0440\u0430\u0437\u043c\u0435\u0449\u0435\u043d\u0438\u044f \u0437\u0430\u043a\u0430\u0437\u0430.<\/h2>\t\t\t\t<\/div>\n\t\t\t\t<\/div>\n\t\t\t\t\t<\/div>\n\t\t<\/div>\n\t\t\t\t\t<\/div>\n\t\t<\/section>\n\t\t\t\t<\/div>\n\t\t","protected":false},"excerpt":{"rendered":"<p>\u041c\u043e\u0439 \u0430\u043a\u043a\u0430\u0443\u043d\u0442 \u0412\u043e\u0439\u0442\u0438 \u0418\u043c\u044f \u043f\u043e\u043b\u044c\u0437\u043e\u0432\u0430\u0442\u0435\u043b\u044f \u0438\u043b\u0438 Email&nbsp;*\u041e\u0431\u044f\u0437\u0430\u0442\u0435\u043b\u044c\u043d\u043e \u041f\u0430\u0440\u043e\u043b\u044c&nbsp;*\u041e\u0431\u044f\u0437\u0430\u0442\u0435\u043b\u044c\u043d\u043e \u0417\u0430\u043f\u043e\u043c\u043d\u0438\u0442\u044c \u043c\u0435\u043d\u044f \u0412\u043e\u0439\u0442\u0438 \u0417\u0430\u0431\u044b\u043b\u0438 \u0441\u0432\u043e\u0439 \u043f\u0430\u0440\u043e\u043b\u044c? \u0417\u0430\u043a\u0430\u0437\u044b My Wallet \u0410\u043a\u043a\u0430\u0443\u043d\u0442 \u0412\u044b\u0439\u0442\u0438 \u0417\u0430\u043a\u0430\u0437\u044b My Wallet \u0410\u043a\u043a\u0430\u0443\u043d\u0442 \u0412\u044b\u0439\u0442\u0438 \u0417\u0430\u043a\u0430\u0437\u044b My Wallet \u0410\u043a\u043a\u0430\u0443\u043d\u0442 \u0412\u044b\u0439\u0442\u0438 Hello design (not design? Log out) From your account dashboard you can view your recent orders, manage your shipping and billing addresses, and edit your password [&hellip;]<\/p>\n","protected":false},"author":2,"featured_media":0,"parent":0,"menu_order":9,"comment_status":"closed","ping_status":"closed","template":"","meta":{"_acf_changed":false,"footnotes":""},"class_list":["post-27972","page","type-page","status-publish","hentry"],"acf":[],"yoast_head":"<!-- This site is optimized with the Yoast SEO Premium plugin v20.0 (Yoast SEO v24.9) - https:\/\/yoast.com\/wordpress\/plugins\/seo\/ -->\n<title>\u0410\u043a\u043a\u0430\u0443\u043d\u0442 | Ocean Sushi Baar<\/title>\n<meta name=\"description\" content=\"Telli sushi Rakveres, Tapal, Kadrinas, V\u00f5sul, Kundas, Kivi\u00f5lis, Tamsalus, Tudus, Aseris, Haljalas, Viitnas, V\u00e4ike-Maarjal, Vinnis, Vihulas\" \/>\n<meta name=\"robots\" content=\"noindex, nofollow\" \/>\n<meta property=\"og:locale\" content=\"ru_RU\" \/>\n<meta property=\"og:type\" content=\"article\" \/>\n<meta property=\"og:title\" content=\"\u0410\u043a\u043a\u0430\u0443\u043d\u0442\" \/>\n<meta property=\"og:description\" content=\"Telli sushi Rakveres, Tapal, Kadrinas, V\u00f5sul, Kundas, Kivi\u00f5lis, Tamsalus, Tudus, Aseris, Haljalas, Viitnas, V\u00e4ike-Maarjal, Vinnis, Vihulas\" \/>\n<meta property=\"og:url\" content=\"https:\/\/rakvere.oceansushi.ee\/ru\/account\/\" \/>\n<meta property=\"og:site_name\" content=\"Ocean Sushi Baar\" \/>\n<meta property=\"article:publisher\" content=\"https:\/\/www.facebook.com\/Oceansushibaar\" \/>\n<meta property=\"article:modified_time\" content=\"2023-03-15T03:56:54+00:00\" \/>\n<meta name=\"twitter:card\" content=\"summary_large_image\" \/>\n<script type=\"application\/ld+json\" class=\"yoast-schema-graph\">{\"@context\":\"https:\/\/schema.org\",\"@graph\":[{\"@type\":\"WebPage\",\"@id\":\"https:\/\/rakvere.oceansushi.ee\/ru\/account\/\",\"url\":\"https:\/\/rakvere.oceansushi.ee\/ru\/account\/\",\"name\":\"\u0410\u043a\u043a\u0430\u0443\u043d\u0442 | Ocean Sushi Baar\",\"isPartOf\":{\"@id\":\"https:\/\/old-rakvere.oceansushi.ee\/ru\/#website\"},\"datePublished\":\"2023-01-13T15:56:33+00:00\",\"dateModified\":\"2023-03-15T03:56:54+00:00\",\"description\":\"Telli sushi Rakveres, Tapal, Kadrinas, V\u00f5sul, Kundas, Kivi\u00f5lis, Tamsalus, Tudus, Aseris, Haljalas, Viitnas, V\u00e4ike-Maarjal, Vinnis, Vihulas\",\"breadcrumb\":{\"@id\":\"https:\/\/rakvere.oceansushi.ee\/ru\/account\/#breadcrumb\"},\"inLanguage\":\"ru-RU\",\"potentialAction\":[{\"@type\":\"ReadAction\",\"target\":[\"https:\/\/rakvere.oceansushi.ee\/ru\/account\/\"]}]},{\"@type\":\"BreadcrumbList\",\"@id\":\"https:\/\/rakvere.oceansushi.ee\/ru\/account\/#breadcrumb\",\"itemListElement\":[{\"@type\":\"ListItem\",\"position\":1,\"name\":\"Home\",\"item\":\"https:\/\/rakvere.oceansushi.ee\/ru\/\"},{\"@type\":\"ListItem\",\"position\":2,\"name\":\"\u0410\u043a\u043a\u0430\u0443\u043d\u0442\"}]},{\"@type\":\"WebSite\",\"@id\":\"https:\/\/old-rakvere.oceansushi.ee\/ru\/#website\",\"url\":\"https:\/\/old-rakvere.oceansushi.ee\/ru\/\",\"name\":\"Ocean Sushi Baar\",\"description\":\"\",\"publisher\":{\"@id\":\"https:\/\/old-rakvere.oceansushi.ee\/ru\/#organization\"},\"potentialAction\":[{\"@type\":\"SearchAction\",\"target\":{\"@type\":\"EntryPoint\",\"urlTemplate\":\"https:\/\/old-rakvere.oceansushi.ee\/ru\/?s={search_term_string}\"},\"query-input\":{\"@type\":\"PropertyValueSpecification\",\"valueRequired\":true,\"valueName\":\"search_term_string\"}}],\"inLanguage\":\"ru-RU\"},{\"@type\":\"Organization\",\"@id\":\"https:\/\/old-rakvere.oceansushi.ee\/ru\/#organization\",\"name\":\"Ocean Sushi Baar\",\"url\":\"https:\/\/old-rakvere.oceansushi.ee\/ru\/\",\"logo\":{\"@type\":\"ImageObject\",\"inLanguage\":\"ru-RU\",\"@id\":\"https:\/\/old-rakvere.oceansushi.ee\/ru\/#\/schema\/logo\/image\/\",\"url\":\"https:\/\/rakvere.oceansushi.ee\/wp-content\/uploads\/2023\/01\/Asset-1.svg\",\"contentUrl\":\"https:\/\/rakvere.oceansushi.ee\/wp-content\/uploads\/2023\/01\/Asset-1.svg\",\"width\":512,\"height\":512,\"caption\":\"Ocean Sushi Baar\"},\"image\":{\"@id\":\"https:\/\/old-rakvere.oceansushi.ee\/ru\/#\/schema\/logo\/image\/\"},\"sameAs\":[\"https:\/\/www.facebook.com\/Oceansushibaar\"]}]}<\/script>\n<!-- \/ Yoast SEO Premium plugin. -->","yoast_head_json":{"title":"\u0410\u043a\u043a\u0430\u0443\u043d\u0442 | Ocean Sushi Baar","description":"Telli sushi Rakveres, Tapal, Kadrinas, V\u00f5sul, Kundas, Kivi\u00f5lis, Tamsalus, Tudus, Aseris, Haljalas, Viitnas, V\u00e4ike-Maarjal, Vinnis, Vihulas","robots":{"index":"noindex","follow":"nofollow"},"og_locale":"ru_RU","og_type":"article","og_title":"\u0410\u043a\u043a\u0430\u0443\u043d\u0442","og_description":"Telli sushi Rakveres, Tapal, Kadrinas, V\u00f5sul, Kundas, Kivi\u00f5lis, Tamsalus, Tudus, Aseris, Haljalas, Viitnas, V\u00e4ike-Maarjal, Vinnis, Vihulas","og_url":"https:\/\/rakvere.oceansushi.ee\/ru\/account\/","og_site_name":"Ocean Sushi Baar","article_publisher":"https:\/\/www.facebook.com\/Oceansushibaar","article_modified_time":"2023-03-15T03:56:54+00:00","twitter_card":"summary_large_image","schema":{"@context":"https:\/\/schema.org","@graph":[{"@type":"WebPage","@id":"https:\/\/rakvere.oceansushi.ee\/ru\/account\/","url":"https:\/\/rakvere.oceansushi.ee\/ru\/account\/","name":"\u0410\u043a\u043a\u0430\u0443\u043d\u0442 | Ocean Sushi Baar","isPartOf":{"@id":"https:\/\/old-rakvere.oceansushi.ee\/ru\/#website"},"datePublished":"2023-01-13T15:56:33+00:00","dateModified":"2023-03-15T03:56:54+00:00","description":"Telli sushi Rakveres, Tapal, Kadrinas, V\u00f5sul, Kundas, Kivi\u00f5lis, Tamsalus, Tudus, Aseris, Haljalas, Viitnas, V\u00e4ike-Maarjal, Vinnis, Vihulas","breadcrumb":{"@id":"https:\/\/rakvere.oceansushi.ee\/ru\/account\/#breadcrumb"},"inLanguage":"ru-RU","potentialAction":[{"@type":"ReadAction","target":["https:\/\/rakvere.oceansushi.ee\/ru\/account\/"]}]},{"@type":"BreadcrumbList","@id":"https:\/\/rakvere.oceansushi.ee\/ru\/account\/#breadcrumb","itemListElement":[{"@type":"ListItem","position":1,"name":"Home","item":"https:\/\/rakvere.oceansushi.ee\/ru\/"},{"@type":"ListItem","position":2,"name":"\u0410\u043a\u043a\u0430\u0443\u043d\u0442"}]},{"@type":"WebSite","@id":"https:\/\/old-rakvere.oceansushi.ee\/ru\/#website","url":"https:\/\/old-rakvere.oceansushi.ee\/ru\/","name":"Ocean Sushi Baar","description":"","publisher":{"@id":"https:\/\/old-rakvere.oceansushi.ee\/ru\/#organization"},"potentialAction":[{"@type":"SearchAction","target":{"@type":"EntryPoint","urlTemplate":"https:\/\/old-rakvere.oceansushi.ee\/ru\/?s={search_term_string}"},"query-input":{"@type":"PropertyValueSpecification","valueRequired":true,"valueName":"search_term_string"}}],"inLanguage":"ru-RU"},{"@type":"Organization","@id":"https:\/\/old-rakvere.oceansushi.ee\/ru\/#organization","name":"Ocean Sushi Baar","url":"https:\/\/old-rakvere.oceansushi.ee\/ru\/","logo":{"@type":"ImageObject","inLanguage":"ru-RU","@id":"https:\/\/old-rakvere.oceansushi.ee\/ru\/#\/schema\/logo\/image\/","url":"https:\/\/rakvere.oceansushi.ee\/wp-content\/uploads\/2023\/01\/Asset-1.svg","contentUrl":"https:\/\/rakvere.oceansushi.ee\/wp-content\/uploads\/2023\/01\/Asset-1.svg","width":512,"height":512,"caption":"Ocean Sushi Baar"},"image":{"@id":"https:\/\/old-rakvere.oceansushi.ee\/ru\/#\/schema\/logo\/image\/"},"sameAs":["https:\/\/www.facebook.com\/Oceansushibaar"]}]}},"_links":{"self":[{"href":"https:\/\/rakvere.oceansushi.ee\/ru\/wp-json\/wp\/v2\/pages\/27972","targetHints":{"allow":["GET"]}}],"collection":[{"href":"https:\/\/rakvere.oceansushi.ee\/ru\/wp-json\/wp\/v2\/pages"}],"about":[{"href":"https:\/\/rakvere.oceansushi.ee\/ru\/wp-json\/wp\/v2\/types\/page"}],"author":[{"embeddable":true,"href":"https:\/\/rakvere.oceansushi.ee\/ru\/wp-json\/wp\/v2\/users\/2"}],"replies":[{"embeddable":true,"href":"https:\/\/rakvere.oceansushi.ee\/ru\/wp-json\/wp\/v2\/comments?post=27972"}],"version-history":[{"count":0,"href":"https:\/\/rakvere.oceansushi.ee\/ru\/wp-json\/wp\/v2\/pages\/27972\/revisions"}],"wp:attachment":[{"href":"https:\/\/rakvere.oceansushi.ee\/ru\/wp-json\/wp\/v2\/media?parent=27972"}],"curies":[{"name":"wp","href":"https:\/\/api.w.org\/{rel}","templated":true}]}}