{"id":24346,"date":"2023-01-13T15:50:30","date_gmt":"2023-01-13T13:50:30","guid":{"rendered":"https:\/\/rakvere.oceansushi.ee\/%d0%b7%d0%b0%d0%ba%d0%b0%d0%b7\/"},"modified":"2025-06-04T12:31:52","modified_gmt":"2025-06-04T09:31:52","slug":"order","status":"publish","type":"page","link":"https:\/\/rakvere.oceansushi.ee\/ru\/order\/","title":{"rendered":"\u0417\u0430\u043a\u0430\u0437"},"content":{"rendered":"\t\t<div data-elementor-type=\"wp-page\" data-elementor-id=\"24346\" class=\"elementor elementor-24346 elementor-15910\" data-elementor-post-type=\"page\">\n\t\t\t\t\t\t<section class=\"elementor-section elementor-top-section elementor-element elementor-element-4f2b8833 elementor-section-boxed elementor-section-height-default elementor-section-height-default\" data-id=\"4f2b8833\" data-element_type=\"section\">\n\t\t\t\t\t\t<div class=\"elementor-container elementor-column-gap-no\">\n\t\t\t\t\t<div class=\"elementor-column elementor-col-100 elementor-top-column elementor-element elementor-element-20f2e0b1\" data-id=\"20f2e0b1\" data-element_type=\"column\">\n\t\t\t<div class=\"elementor-widget-wrap elementor-element-populated\">\n\t\t\t\t\t\t<div class=\"elementor-element elementor-element-d1dd969 elementor-widget elementor-widget-html\" data-id=\"d1dd969\" data-element_type=\"widget\" data-widget_type=\"html.default\">\n\t\t\t\t<div class=\"elementor-widget-container\">\n\t\t\t\t\t<style type=text\/css>\r\n.e-wc-info-notice .woocommerce-info:before {\r\ncolor: #fff !important;\r\ndisplay: none !important;\r\n}\r\n\r\n.e-wc-info-notice .woocommerce-info {\r\nborder: 0 solid #000;\r\nbackground-color: #f6f9fb;\r\ncolor: var(--info-message-text-color,#55595c);\r\nborder-radius: var(--info-box-border-radius,0);\r\npadding: 20px;\r\nborder-radius: 12px;\r\n}\r\n\r\na:hover {\r\n    color:#FF567B !important;\r\n}\r\n<\/style>\t\t\t\t<\/div>\n\t\t\t\t<\/div>\n\t\t\t\t<div class=\"elementor-element elementor-element-44fa6cb elementor-widget elementor-widget-heading\" data-id=\"44fa6cb\" data-element_type=\"widget\" data-widget_type=\"heading.default\">\n\t\t\t\t<div class=\"elementor-widget-container\">\n\t\t\t\t\t<h1 class=\"elementor-heading-title elementor-size-default\">\u0417\u0430\u043a\u0430\u0437<\/h1>\t\t\t\t<\/div>\n\t\t\t\t<\/div>\n\t\t<!-- dce invisible element 3a66a6d -->\t\t<div class=\"elementor-element elementor-element-46383d76 e-checkout-layout-one-column elementor-widget elementor-widget-woocommerce-checkout-page\" data-id=\"46383d76\" data-element_type=\"widget\" data-widget_type=\"woocommerce-checkout-page.default\">\n\t\t\t\t<div class=\"elementor-widget-container\">\n\t\t\t\t\t<div class=\"woocommerce\"><div class=\"woocommerce-notices-wrapper\"><\/div><\/div>\t\t\t\t<\/div>\n\t\t\t\t<\/div>\n\t\t\t\t\t<\/div>\n\t\t<\/div>\n\t\t\t\t\t<\/div>\n\t\t<\/section>\n\t\t\t\t<\/div>\n\t\t","protected":false},"excerpt":{"rendered":"<p>\u0417\u0430\u043a\u0430\u0437 \u0412\u0430\u0448 \u043a\u0435\u0448\u0431\u044d\u043a: Customer matched zone &#8220;Estonia&#8221; \u0412\u0430\u0448\u0435 \u0438\u043c\u044f&nbsp;* Riik \/ piirkond&nbsp;(valikuline) \u042d\u043b. \u043f\u043e\u0447\u0442\u0430&nbsp;* \u0422\u0435\u043b\u0435\u0444\u043e\u043d&nbsp;* \u0423\u043b\u0438\u0446\u0430 \u0438 \u0434\u043e\u043c&nbsp;(valikuline) \u041a\u0432\u0430\u0440\u0442\u0438\u0440\u0430&nbsp;(valikuline) \u0418\u043d\u0434\u0435\u043a\u0441&nbsp;(valikuline) \u0413\u043e\u0440\u043e\u0434, \u0434\u0435\u0440\u0435\u0432\u043d\u044f \u0438\u043b\u0438 \u0445\u0443\u0442\u043e\u0440&nbsp;(valikuline) \u0414\u043e\u043f\u043e\u043b\u043d\u0438\u0442\u0435\u043b\u044c\u043d\u0430\u044f \u0438\u043d\u0444\u043e\u0440\u043c\u0430\u0446\u0438\u044f \u0417\u0430\u043c\u0435\u0442\u043a\u0438&nbsp;(valikuline) \u0417\u0430\u043a\u0430\u0437 \u0438 \u0434\u043e\u0441\u0442\u0430\u0432\u043a\u0430 Toode Vahesumma 310. L\u00f5unamen\u00fc\u00fc&nbsp;&nbsp; &times;&nbsp;1 &euro;7,70 312. L\u00f5unamen\u00fc\u00fc&nbsp;&nbsp; &times;&nbsp;1 &euro;7,70 102. Tuunikala&nbsp;&nbsp; &times;&nbsp;1 &euro;3,00 221. Klaasnuudlid mereandidega&nbsp;&nbsp; &times;&nbsp;1 &euro;11,50 301. Ocean Combo&nbsp;&nbsp; &times;&nbsp;1 &euro;20,50 422. [&hellip;]<\/p>\n","protected":false},"author":2,"featured_media":33196,"parent":0,"menu_order":11,"comment_status":"closed","ping_status":"closed","template":"","meta":{"_acf_changed":false,"footnotes":""},"class_list":["post-24346","page","type-page","status-publish","has-post-thumbnail","hentry"],"acf":[],"yoast_head":"<!-- This site is optimized with the Yoast SEO Premium plugin v20.0 (Yoast SEO v24.9) - https:\/\/yoast.com\/wordpress\/plugins\/seo\/ -->\n<title>\u0417\u0430\u043a\u0430\u0437 | Ocean Sushi Baar<\/title>\n<meta name=\"description\" content=\"Telli sushi J\u00f5hvis, Kohtla-J\u00e4rvel, Sillam\u00e4el, Toilas, Vokas, Orus, Ahtmes, Kukruses, Sompas, M\u00e4etaguses, Varvaras, Kohtla-N\u00f5mmel, Kurtnas\" \/>\n<meta name=\"robots\" content=\"noindex, follow\" \/>\n<meta property=\"og:locale\" content=\"ru_RU\" \/>\n<meta property=\"og:type\" content=\"article\" \/>\n<meta property=\"og:title\" content=\"\u0417\u0430\u043a\u0430\u0437\" \/>\n<meta property=\"og:description\" content=\"Telli sushi J\u00f5hvis, Kohtla-J\u00e4rvel, Sillam\u00e4el, Toilas, Vokas, Orus, Ahtmes, Kukruses, Sompas, M\u00e4etaguses, Varvaras, Kohtla-N\u00f5mmel, Kurtnas\" \/>\n<meta property=\"og:url\" content=\"https:\/\/rakvere.oceansushi.ee\/ru\/order\/\" \/>\n<meta property=\"og:site_name\" content=\"Ocean Sushi Baar\" \/>\n<meta property=\"article:publisher\" content=\"https:\/\/www.facebook.com\/Oceansushibaar\" \/>\n<meta property=\"article:modified_time\" content=\"2025-06-04T09:31:52+00:00\" \/>\n<meta property=\"og:image\" content=\"https:\/\/rakvere.oceansushi.ee\/wp-content\/uploads\/2023\/02\/og.jpg\" \/>\n\t<meta property=\"og:image:width\" content=\"1200\" \/>\n\t<meta property=\"og:image:height\" content=\"630\" \/>\n\t<meta property=\"og:image:type\" content=\"image\/jpeg\" \/>\n<meta name=\"twitter:card\" content=\"summary_large_image\" \/>\n<meta name=\"twitter:label1\" content=\"\u041f\u0440\u0438\u043c\u0435\u0440\u043d\u043e\u0435 \u0432\u0440\u0435\u043c\u044f \u0434\u043b\u044f \u0447\u0442\u0435\u043d\u0438\u044f\" \/>\n\t<meta name=\"twitter:data1\" content=\"8 \u043c\u0438\u043d\u0443\u0442\" \/>\n<script type=\"application\/ld+json\" class=\"yoast-schema-graph\">{\"@context\":\"https:\/\/schema.org\",\"@graph\":[{\"@type\":\"WebPage\",\"@id\":\"https:\/\/rakvere.oceansushi.ee\/ru\/order\/\",\"url\":\"https:\/\/rakvere.oceansushi.ee\/ru\/order\/\",\"name\":\"\u0417\u0430\u043a\u0430\u0437 | Ocean Sushi Baar\",\"isPartOf\":{\"@id\":\"https:\/\/old-rakvere.oceansushi.ee\/ru\/#website\"},\"primaryImageOfPage\":{\"@id\":\"https:\/\/rakvere.oceansushi.ee\/ru\/order\/#primaryimage\"},\"image\":{\"@id\":\"https:\/\/rakvere.oceansushi.ee\/ru\/order\/#primaryimage\"},\"thumbnailUrl\":\"https:\/\/rakvere.oceansushi.ee\/wp-content\/uploads\/2023\/02\/og.jpg\",\"datePublished\":\"2023-01-13T13:50:30+00:00\",\"dateModified\":\"2025-06-04T09:31:52+00:00\",\"description\":\"Telli sushi J\u00f5hvis, Kohtla-J\u00e4rvel, Sillam\u00e4el, Toilas, Vokas, Orus, Ahtmes, Kukruses, Sompas, M\u00e4etaguses, Varvaras, Kohtla-N\u00f5mmel, Kurtnas\",\"breadcrumb\":{\"@id\":\"https:\/\/rakvere.oceansushi.ee\/ru\/order\/#breadcrumb\"},\"inLanguage\":\"ru-RU\",\"potentialAction\":[{\"@type\":\"ReadAction\",\"target\":[\"https:\/\/rakvere.oceansushi.ee\/ru\/order\/\"]}]},{\"@type\":\"ImageObject\",\"inLanguage\":\"ru-RU\",\"@id\":\"https:\/\/rakvere.oceansushi.ee\/ru\/order\/#primaryimage\",\"url\":\"https:\/\/rakvere.oceansushi.ee\/wp-content\/uploads\/2023\/02\/og.jpg\",\"contentUrl\":\"https:\/\/rakvere.oceansushi.ee\/wp-content\/uploads\/2023\/02\/og.jpg\",\"width\":1200,\"height\":630},{\"@type\":\"BreadcrumbList\",\"@id\":\"https:\/\/rakvere.oceansushi.ee\/ru\/order\/#breadcrumb\",\"itemListElement\":[{\"@type\":\"ListItem\",\"position\":1,\"name\":\"Home\",\"item\":\"https:\/\/rakvere.oceansushi.ee\/ru\/\"},{\"@type\":\"ListItem\",\"position\":2,\"name\":\"\u0417\u0430\u043a\u0430\u0437\"}]},{\"@type\":\"WebSite\",\"@id\":\"https:\/\/old-rakvere.oceansushi.ee\/ru\/#website\",\"url\":\"https:\/\/old-rakvere.oceansushi.ee\/ru\/\",\"name\":\"Ocean Sushi Baar\",\"description\":\"\",\"publisher\":{\"@id\":\"https:\/\/old-rakvere.oceansushi.ee\/ru\/#organization\"},\"potentialAction\":[{\"@type\":\"SearchAction\",\"target\":{\"@type\":\"EntryPoint\",\"urlTemplate\":\"https:\/\/old-rakvere.oceansushi.ee\/ru\/?s={search_term_string}\"},\"query-input\":{\"@type\":\"PropertyValueSpecification\",\"valueRequired\":true,\"valueName\":\"search_term_string\"}}],\"inLanguage\":\"ru-RU\"},{\"@type\":\"Organization\",\"@id\":\"https:\/\/old-rakvere.oceansushi.ee\/ru\/#organization\",\"name\":\"Ocean Sushi Baar\",\"url\":\"https:\/\/old-rakvere.oceansushi.ee\/ru\/\",\"logo\":{\"@type\":\"ImageObject\",\"inLanguage\":\"ru-RU\",\"@id\":\"https:\/\/old-rakvere.oceansushi.ee\/ru\/#\/schema\/logo\/image\/\",\"url\":\"https:\/\/rakvere.oceansushi.ee\/wp-content\/uploads\/2023\/01\/Asset-1.svg\",\"contentUrl\":\"https:\/\/rakvere.oceansushi.ee\/wp-content\/uploads\/2023\/01\/Asset-1.svg\",\"width\":512,\"height\":512,\"caption\":\"Ocean Sushi Baar\"},\"image\":{\"@id\":\"https:\/\/old-rakvere.oceansushi.ee\/ru\/#\/schema\/logo\/image\/\"},\"sameAs\":[\"https:\/\/www.facebook.com\/Oceansushibaar\"]}]}<\/script>\n<!-- \/ Yoast SEO Premium plugin. -->","yoast_head_json":{"title":"\u0417\u0430\u043a\u0430\u0437 | Ocean Sushi Baar","description":"Telli sushi J\u00f5hvis, Kohtla-J\u00e4rvel, Sillam\u00e4el, Toilas, Vokas, Orus, Ahtmes, Kukruses, Sompas, M\u00e4etaguses, Varvaras, Kohtla-N\u00f5mmel, Kurtnas","robots":{"index":"noindex","follow":"follow"},"og_locale":"ru_RU","og_type":"article","og_title":"\u0417\u0430\u043a\u0430\u0437","og_description":"Telli sushi J\u00f5hvis, Kohtla-J\u00e4rvel, Sillam\u00e4el, Toilas, Vokas, Orus, Ahtmes, Kukruses, Sompas, M\u00e4etaguses, Varvaras, Kohtla-N\u00f5mmel, Kurtnas","og_url":"https:\/\/rakvere.oceansushi.ee\/ru\/order\/","og_site_name":"Ocean Sushi Baar","article_publisher":"https:\/\/www.facebook.com\/Oceansushibaar","article_modified_time":"2025-06-04T09:31:52+00:00","og_image":[{"width":1200,"height":630,"url":"https:\/\/rakvere.oceansushi.ee\/wp-content\/uploads\/2023\/02\/og.jpg","type":"image\/jpeg"}],"twitter_card":"summary_large_image","twitter_misc":{"\u041f\u0440\u0438\u043c\u0435\u0440\u043d\u043e\u0435 \u0432\u0440\u0435\u043c\u044f \u0434\u043b\u044f \u0447\u0442\u0435\u043d\u0438\u044f":"8 \u043c\u0438\u043d\u0443\u0442"},"schema":{"@context":"https:\/\/schema.org","@graph":[{"@type":"WebPage","@id":"https:\/\/rakvere.oceansushi.ee\/ru\/order\/","url":"https:\/\/rakvere.oceansushi.ee\/ru\/order\/","name":"\u0417\u0430\u043a\u0430\u0437 | Ocean Sushi Baar","isPartOf":{"@id":"https:\/\/old-rakvere.oceansushi.ee\/ru\/#website"},"primaryImageOfPage":{"@id":"https:\/\/rakvere.oceansushi.ee\/ru\/order\/#primaryimage"},"image":{"@id":"https:\/\/rakvere.oceansushi.ee\/ru\/order\/#primaryimage"},"thumbnailUrl":"https:\/\/rakvere.oceansushi.ee\/wp-content\/uploads\/2023\/02\/og.jpg","datePublished":"2023-01-13T13:50:30+00:00","dateModified":"2025-06-04T09:31:52+00:00","description":"Telli sushi J\u00f5hvis, Kohtla-J\u00e4rvel, Sillam\u00e4el, Toilas, Vokas, Orus, Ahtmes, Kukruses, Sompas, M\u00e4etaguses, Varvaras, Kohtla-N\u00f5mmel, Kurtnas","breadcrumb":{"@id":"https:\/\/rakvere.oceansushi.ee\/ru\/order\/#breadcrumb"},"inLanguage":"ru-RU","potentialAction":[{"@type":"ReadAction","target":["https:\/\/rakvere.oceansushi.ee\/ru\/order\/"]}]},{"@type":"ImageObject","inLanguage":"ru-RU","@id":"https:\/\/rakvere.oceansushi.ee\/ru\/order\/#primaryimage","url":"https:\/\/rakvere.oceansushi.ee\/wp-content\/uploads\/2023\/02\/og.jpg","contentUrl":"https:\/\/rakvere.oceansushi.ee\/wp-content\/uploads\/2023\/02\/og.jpg","width":1200,"height":630},{"@type":"BreadcrumbList","@id":"https:\/\/rakvere.oceansushi.ee\/ru\/order\/#breadcrumb","itemListElement":[{"@type":"ListItem","position":1,"name":"Home","item":"https:\/\/rakvere.oceansushi.ee\/ru\/"},{"@type":"ListItem","position":2,"name":"\u0417\u0430\u043a\u0430\u0437"}]},{"@type":"WebSite","@id":"https:\/\/old-rakvere.oceansushi.ee\/ru\/#website","url":"https:\/\/old-rakvere.oceansushi.ee\/ru\/","name":"Ocean Sushi Baar","description":"","publisher":{"@id":"https:\/\/old-rakvere.oceansushi.ee\/ru\/#organization"},"potentialAction":[{"@type":"SearchAction","target":{"@type":"EntryPoint","urlTemplate":"https:\/\/old-rakvere.oceansushi.ee\/ru\/?s={search_term_string}"},"query-input":{"@type":"PropertyValueSpecification","valueRequired":true,"valueName":"search_term_string"}}],"inLanguage":"ru-RU"},{"@type":"Organization","@id":"https:\/\/old-rakvere.oceansushi.ee\/ru\/#organization","name":"Ocean Sushi Baar","url":"https:\/\/old-rakvere.oceansushi.ee\/ru\/","logo":{"@type":"ImageObject","inLanguage":"ru-RU","@id":"https:\/\/old-rakvere.oceansushi.ee\/ru\/#\/schema\/logo\/image\/","url":"https:\/\/rakvere.oceansushi.ee\/wp-content\/uploads\/2023\/01\/Asset-1.svg","contentUrl":"https:\/\/rakvere.oceansushi.ee\/wp-content\/uploads\/2023\/01\/Asset-1.svg","width":512,"height":512,"caption":"Ocean Sushi Baar"},"image":{"@id":"https:\/\/old-rakvere.oceansushi.ee\/ru\/#\/schema\/logo\/image\/"},"sameAs":["https:\/\/www.facebook.com\/Oceansushibaar"]}]}},"_links":{"self":[{"href":"https:\/\/rakvere.oceansushi.ee\/ru\/wp-json\/wp\/v2\/pages\/24346","targetHints":{"allow":["GET"]}}],"collection":[{"href":"https:\/\/rakvere.oceansushi.ee\/ru\/wp-json\/wp\/v2\/pages"}],"about":[{"href":"https:\/\/rakvere.oceansushi.ee\/ru\/wp-json\/wp\/v2\/types\/page"}],"author":[{"embeddable":true,"href":"https:\/\/rakvere.oceansushi.ee\/ru\/wp-json\/wp\/v2\/users\/2"}],"replies":[{"embeddable":true,"href":"https:\/\/rakvere.oceansushi.ee\/ru\/wp-json\/wp\/v2\/comments?post=24346"}],"version-history":[{"count":9,"href":"https:\/\/rakvere.oceansushi.ee\/ru\/wp-json\/wp\/v2\/pages\/24346\/revisions"}],"predecessor-version":[{"id":52593,"href":"https:\/\/rakvere.oceansushi.ee\/ru\/wp-json\/wp\/v2\/pages\/24346\/revisions\/52593"}],"wp:featuredmedia":[{"embeddable":true,"href":"https:\/\/rakvere.oceansushi.ee\/ru\/wp-json\/wp\/v2\/media\/33196"}],"wp:attachment":[{"href":"https:\/\/rakvere.oceansushi.ee\/ru\/wp-json\/wp\/v2\/media?parent=24346"}],"curies":[{"name":"wp","href":"https:\/\/api.w.org\/{rel}","templated":true}]}}